{"id":345,"date":"2020-01-29T09:30:59","date_gmt":"2020-01-29T09:30:59","guid":{"rendered":"https:\/\/franshorsthuis.nl\/?page_id=345"},"modified":"2025-09-08T13:08:37","modified_gmt":"2025-09-08T13:08:37","slug":"donaties","status":"publish","type":"page","link":"https:\/\/dekoninklijkeweg.nl\/de\/donaties\/","title":{"rendered":"Spenden"},"content":{"rendered":"<p>Frans &#039;B\u00fccher werden kostenlos verschickt. Geschenke zum Nachdruck und Versand der B\u00fccher k\u00f6nnen hinterlegt werden bei:<br \/>\nIBAN: NL96 RABO 0117 2490 17<br \/>\nim Namen von Stichting de Koninklijke Weg<br \/>\nBIC \/ SWIFT: RABO NL 2U<\/p>\n<p>&nbsp;<\/p>\n<p>&nbsp;<\/p>","protected":false},"excerpt":{"rendered":"<p>De boeken van Frans worden gratis verstuurd. Giften ten behoeve van herdruk en verzending van de boeken kunnen gestort worden op: IBAN: NL96 RABO 0117 2490 17 ten name van Stichting de Koninklijke Weg BIC\/SWIFT: RABO NL 2U &nbsp; &nbsp;<\/p>","protected":false},"author":1,"featured_media":0,"parent":0,"menu_order":0,"comment_status":"closed","ping_status":"closed","template":"","meta":{"footnotes":""},"class_list":["post-345","page","type-page","status-publish","hentry"],"_links":{"self":[{"href":"https:\/\/dekoninklijkeweg.nl\/de\/wp-json\/wp\/v2\/pages\/345","targetHints":{"allow":["GET"]}}],"collection":[{"href":"https:\/\/dekoninklijkeweg.nl\/de\/wp-json\/wp\/v2\/pages"}],"about":[{"href":"https:\/\/dekoninklijkeweg.nl\/de\/wp-json\/wp\/v2\/types\/page"}],"author":[{"embeddable":true,"href":"https:\/\/dekoninklijkeweg.nl\/de\/wp-json\/wp\/v2\/users\/1"}],"replies":[{"embeddable":true,"href":"https:\/\/dekoninklijkeweg.nl\/de\/wp-json\/wp\/v2\/comments?post=345"}],"version-history":[{"count":8,"href":"https:\/\/dekoninklijkeweg.nl\/de\/wp-json\/wp\/v2\/pages\/345\/revisions"}],"predecessor-version":[{"id":583,"href":"https:\/\/dekoninklijkeweg.nl\/de\/wp-json\/wp\/v2\/pages\/345\/revisions\/583"}],"wp:attachment":[{"href":"https:\/\/dekoninklijkeweg.nl\/de\/wp-json\/wp\/v2\/media?parent=345"}],"curies":[{"name":"wp","href":"https:\/\/api.w.org\/{rel}","templated":true}]}}