{"id":183,"date":"2019-05-07T11:00:20","date_gmt":"2019-05-07T11:00:20","guid":{"rendered":"http:\/\/myrjadn356.356.axc.nl\/franshorsthuis\/?page_id=183"},"modified":"2026-03-17T07:44:18","modified_gmt":"2026-03-17T07:44:18","slug":"berichten","status":"publish","type":"page","link":"https:\/\/dekoninklijkeweg.nl\/de\/","title":{"rendered":"Frans Horsthuis (1921-2018)"},"content":{"rendered":"<p>Frans werd in 1921 in Apeldoorn geboren en groeide op in Winterswijk. Na zijn priesterwijding in 1947 werd Frans achtereenvolgens kapelaan, godsdienstleraar en pastoor. In 1968 volgde zijn (eervolle) ontslag, doordat hij wilde leven naar het Woord van zijn Heer: \u201cZoek eerst het Koninkrijk Gods en al het andere zal u toegeworpen worden\u201d (Matt. 6:33). Vanaf dat moment ging Frans op een kamer wonen. Vanuit deze kamer ontving hij zijn verdere opdracht om alles (geleidelijk) los te laten. Na het wonen op een kamer ging hij in zijn auto wonen en zwierf daarin rond. Weer een stap verder maakte dat hij zijn auto weg deed en op de fiets rondtrok. Als laatste verdween ook de fiets en ging hij te voet verder. Frans leefde zonder geld en heeft zijn leven lang ervaren dat de Heer hem ook werkelijk \u201cal het andere\u201d toegeworpen heeft.<\/p>\r\n\r\n\r\n\r\n<p>Frans hat alles hinter sich gelassen und lebte daher ohne st\u00e4ndigen Wohnsitz oder Wohnsitz. Er besuchte Menschen, Einzelpersonen, die zu einer tieferen Beziehung mit dem Herrn Jesus in den Niederlanden und weit dar\u00fcber hinaus wachsen wollten. Frans Lebensaufgabe bestand ferner darin, \u201ef\u00fcr eine erneuerte Kirche Europas und eine neue Vision daf\u00fcr zu beten. Die letzten acht Jahre bis zu seinem Tod lebte er in Doetinchem, wo er auch begraben liegt.<\/p>\r\n\r\n\r\n\r\n<p>Die Grundlage von Frans &#039;Leben war Jesus allein (1. Korinther 2: 2)! Jesus nur als Antwort auf alle Lebensfragen.<\/p>\r\n\r\n\r\n\r\n<p><strong>Die k\u00f6nigliche Stra\u00dfe<\/strong><\/p>\r\n\r\n\r\n\r\n<p>Wie Sie auf dieser Website sehen k\u00f6nnen, hat Frans mehrere B\u00fccher und Brosch\u00fcren geschrieben. Wir wissen, dass viele Freunde von Frans ihn durch das Lesen des Buches \u201eDe Koninklijke weg\u201c kennengelernt haben. Wir empfehlen daher, dass Sie dieses Buch zuerst lesen.<\/p>\r\n\r\n\r\n\r\n<p>Frans sch\u00e4tzte das Leben ohne Geld und alle seine B\u00fccher sind daher kostenlos bei uns erh\u00e4ltlich. Ab dem ersten Buch gab es immer die Bitte, nur ein Exemplar zu bestellen. Daran wollen wir noch festhalten, weil es uns egal ist, die B\u00fccher in gro\u00dfer Zahl zu verteilen. Die B\u00fccher sind weiterhin kostenlos erh\u00e4ltlich. Wenn Sie jedoch noch etwas beitragen m\u00f6chten (wir verwenden die f\u00fcr die n\u00e4chste Ausgabe erhaltenen Spenden), k\u00f6nnen Sie dies tun, indem Sie eine Spende auf die Kontonummer \u00fcberweisen:<\/p>\r\n\r\n\r\n\r\n<p>IBAN: NL96 RABO 0117 2490 17<br \/>im Namen von Stichting de Koninklijke Weg<br \/>BIC \/ SWIFT: RABO NL 2U<\/p>\r\n<p>Oder \u00fcber die <a href=\"https:\/\/dekoninklijkeweg.nl\/de\/donaties\/\" target=\"_blank\" rel=\"noopener\">Spendenseite<\/a><\/p>\r\n\r\n\r\n\r\n<p><strong>Kontakt?<\/strong><\/p>\r\n\r\n\r\n\r\n<p>Wenn Sie nach dem Lesen ein Gespr\u00e4ch mit jemandem w\u00fcnschen oder praktische Fragen haben, k\u00f6nnen Sie uns \u00fcber die Website erreichen <a href=\"https:\/\/dekoninklijkeweg.nl\/de\/contact\/\">Kontakt Formular<\/a>.<\/p>\r\n\r\n\r\n\r\n<figure class=\"wp-block-image\"><img fetchpriority=\"high\" decoding=\"async\" width=\"1000\" height=\"563\" class=\"wp-image-220\" src=\"https:\/\/franshorsthuis.nl\/wp-content\/uploads\/2019\/05\/Schermafbeelding-2018-12-27-om-21.02.43-1.png\" alt=\"\" srcset=\"https:\/\/dekoninklijkeweg.nl\/wp-content\/uploads\/2019\/05\/Schermafbeelding-2018-12-27-om-21.02.43-1.png 1000w, https:\/\/dekoninklijkeweg.nl\/wp-content\/uploads\/2019\/05\/Schermafbeelding-2018-12-27-om-21.02.43-1-300x169.png 300w, https:\/\/dekoninklijkeweg.nl\/wp-content\/uploads\/2019\/05\/Schermafbeelding-2018-12-27-om-21.02.43-1-768x432.png 768w, https:\/\/dekoninklijkeweg.nl\/wp-content\/uploads\/2019\/05\/Schermafbeelding-2018-12-27-om-21.02.43-1-600x338.png 600w\" sizes=\"(max-width: 1000px) 100vw, 1000px\" \/><\/figure>","protected":false},"excerpt":{"rendered":"<p>Frans werd in 1921 in Apeldoorn geboren en groeide op in Winterswijk. Na zijn priesterwijding in 1947 werd Frans achtereenvolgens kapelaan, godsdienstleraar en pastoor. In 1968 volgde zijn (eervolle) ontslag, doordat hij wilde leven naar het Woord van zijn Heer: \u201cZoek eerst het Koninkrijk Gods en al het andere zal u toegeworpen worden\u201d (Matt. 6:33). [&hellip;]<\/p>\n","protected":false},"author":1,"featured_media":0,"parent":0,"menu_order":0,"comment_status":"closed","ping_status":"closed","template":"","meta":{"footnotes":""},"class_list":["post-183","page","type-page","status-publish","hentry"],"_links":{"self":[{"href":"https:\/\/dekoninklijkeweg.nl\/de\/wp-json\/wp\/v2\/pages\/183","targetHints":{"allow":["GET"]}}],"collection":[{"href":"https:\/\/dekoninklijkeweg.nl\/de\/wp-json\/wp\/v2\/pages"}],"about":[{"href":"https:\/\/dekoninklijkeweg.nl\/de\/wp-json\/wp\/v2\/types\/page"}],"author":[{"embeddable":true,"href":"https:\/\/dekoninklijkeweg.nl\/de\/wp-json\/wp\/v2\/users\/1"}],"replies":[{"embeddable":true,"href":"https:\/\/dekoninklijkeweg.nl\/de\/wp-json\/wp\/v2\/comments?post=183"}],"version-history":[{"count":5,"href":"https:\/\/dekoninklijkeweg.nl\/de\/wp-json\/wp\/v2\/pages\/183\/revisions"}],"predecessor-version":[{"id":609,"href":"https:\/\/dekoninklijkeweg.nl\/de\/wp-json\/wp\/v2\/pages\/183\/revisions\/609"}],"wp:attachment":[{"href":"https:\/\/dekoninklijkeweg.nl\/de\/wp-json\/wp\/v2\/media?parent=183"}],"curies":[{"name":"wp","href":"https:\/\/api.w.org\/{rel}","templated":true}]}}